{"id":8,"date":"2024-07-24T12:59:25","date_gmt":"2024-07-24T15:59:25","guid":{"rendered":"https:\/\/homologa.ufpr.br\/gradeecorpodocente\/\/?page=8"},"modified":"2024-09-17T12:03:02","modified_gmt":"2024-09-17T15:03:02","slug":"grade-e-corpo-docente","status":"publish","type":"page","link":"https:\/\/homologa.ufpr.br\/gradeecorpodocente\/","title":{"rendered":"Grade e Corpo Docente"},"content":{"rendered":"\n<p>Esta p\u00e1gina \u00e9 mantida pela Pr\u00f3-Reitoria de Gradua\u00e7\u00e3o e Educa\u00e7\u00e3o Profissional para atendimento ao disposto no \u00a71\u00b0 do art. 47 da Lei de Diretrizes e Bases da Educa\u00e7\u00e3o (Lei 9304\/96).<\/p>\n\n\n\n<p>No menu <strong>Docentes por Curso<\/strong> \u00e9 poss\u00edvel identificar os docentes de cada disciplina dos cursos ofertados na Universidade Federal do Paran\u00e1 e no menu <strong>PPCs por Curso<\/strong> encontram-se os Projetos Pedag\u00f3gicos de Curso.<\/p>\n\n\n\n<div style=\"height:28px\" aria-hidden=\"true\" class=\"wp-block-spacer\"><\/div>\n\n\n\n<div class=\"wp-block-buttons is-content-justification-left is-layout-flex wp-container-core-buttons-is-layout-1 wp-block-buttons-is-layout-flex\">\n<div class=\"wp-block-button\"><a class=\"wp-block-button__link has-background wp-element-button\" href=\"https:\/\/homologa.ufpr.br\/gradeecorpodocente\/docentes-por-curso\/\" style=\"background-color:#00386c\">Docentes por Curso<\/a><\/div>\n\n\n\n<div class=\"wp-block-button\"><a class=\"wp-block-button__link has-background wp-element-button\" href=\"https:\/\/homologa.ufpr.br\/gradeecorpodocente\/ppcs-por-curso\/\" style=\"background-color:#00386c\">PPCs por curso<\/a><\/div>\n<\/div>\n","protected":false},"excerpt":{"rendered":"<p>Esta p\u00e1gina \u00e9 mantida pela Pr\u00f3-Reitoria de Gradua\u00e7\u00e3o e Educa\u00e7\u00e3o Profissional para atendimento ao disposto no \u00a71\u00b0 do art. 47 da Lei de Diretrizes e Bases da Educa\u00e7\u00e3o (Lei 9304\/96). No menu Docentes por Curso \u00e9 poss\u00edvel identificar os docentes de cada disciplina dos cursos ofertados na Universidade Federal do Paran\u00e1 e no menu PPCs [&hellip;]<\/p>\n","protected":false},"author":37,"featured_media":0,"parent":0,"menu_order":0,"comment_status":"closed","ping_status":"closed","template":"","meta":{"footnotes":""},"class_list":["post-8","page","type-page","status-publish","hentry"],"_links":{"self":[{"href":"https:\/\/homologa.ufpr.br\/gradeecorpodocente\/wp-json\/wp\/v2\/pages\/8","targetHints":{"allow":["GET"]}}],"collection":[{"href":"https:\/\/homologa.ufpr.br\/gradeecorpodocente\/wp-json\/wp\/v2\/pages"}],"about":[{"href":"https:\/\/homologa.ufpr.br\/gradeecorpodocente\/wp-json\/wp\/v2\/types\/page"}],"author":[{"embeddable":true,"href":"https:\/\/homologa.ufpr.br\/gradeecorpodocente\/wp-json\/wp\/v2\/users\/37"}],"replies":[{"embeddable":true,"href":"https:\/\/homologa.ufpr.br\/gradeecorpodocente\/wp-json\/wp\/v2\/comments?post=8"}],"version-history":[{"count":15,"href":"https:\/\/homologa.ufpr.br\/gradeecorpodocente\/wp-json\/wp\/v2\/pages\/8\/revisions"}],"predecessor-version":[{"id":285,"href":"https:\/\/homologa.ufpr.br\/gradeecorpodocente\/wp-json\/wp\/v2\/pages\/8\/revisions\/285"}],"wp:attachment":[{"href":"https:\/\/homologa.ufpr.br\/gradeecorpodocente\/wp-json\/wp\/v2\/media?parent=8"}],"curies":[{"name":"wp","href":"https:\/\/api.w.org\/{rel}","templated":true}]}}