{"id":613,"date":"2024-09-12T16:48:28","date_gmt":"2024-09-12T19:48:28","guid":{"rendered":"https:\/\/homologa.ufpr.br\/agtic\/\/?page=613"},"modified":"2024-09-12T16:48:28","modified_gmt":"2024-09-12T19:48:28","slug":"posic-politica-de-seguranca-da-informacao-e-comunicacao-da-ufpr","status":"publish","type":"page","link":"https:\/\/homologa.ufpr.br\/agtic\/posic-politica-de-seguranca-da-informacao-e-comunicacao-da-ufpr\/","title":{"rendered":"POSIC &#8211; Pol\u00edtica de Seguran\u00e7a da Informa\u00e7\u00e3o e Comunica\u00e7\u00e3o da UFPR"},"content":{"rendered":"\n<p>No dia 14\/12\/2022 foi aprovada a Nova Pol\u00edtica de Seguran\u00e7a da Informa\u00e7\u00e3o e Comunica\u00e7\u00e3o (POSIC). Essa, estabelece as orienta\u00e7\u00f5es e diretrizes corporativas gerais de seguran\u00e7a e controle dos ativos de informa\u00e7\u00e3o da UFPR ou sob sua guarda, objetivando sua prote\u00e7\u00e3o e a preven\u00e7\u00e3o de responsabilidade legal para todos os usu\u00e1rios.<\/p>\n\n\n\n<p>A partir de suas defini\u00e7\u00f5es as a\u00e7\u00f5es de TIC da UFPR se guiam, principalmente para assegurar a Universidade e sua comunidade.<\/p>\n\n\n\n<p>Segundo a sua abrang\u00eancia, aplica-se a todos os usu\u00e1rios, devendo ser lida e conhecida por todos os usu\u00e1rios da informa\u00e7\u00e3o. A POSIC \u00e9 aplic\u00e1vel ao ambiente digital ou f\u00edsico de armazenamento da informa\u00e7\u00e3o. Abrange todos os equipamentos e sistemas possu\u00eddos ou utilizados pela Universidade para estes fins.&nbsp;<strong>Cabe ao usu\u00e1rio de informa\u00e7\u00f5es a observ\u00e2ncia das regras e fica vedado alegar desconhecimento da POSIC.<\/strong><\/p>\n\n\n\n<p>Acesse a resolu\u00e7\u00e3o na \u00edntegra:\u00a0<a href=\"https:\/\/homologa.ufpr.br\/agtic\/wp-content\/uploads\/sites\/5\/2024\/09\/resolucao-no-38-22-coplad.pdf\" title=\"\">RESOLU\u00c7\u00c3O-N\u00ba-38-22-COPLAD<\/a><\/p>\n\n\n\n<p><\/p>\n","protected":false},"excerpt":{"rendered":"<p>No dia 14\/12\/2022 foi aprovada a Nova Pol\u00edtica de Seguran\u00e7a da Informa\u00e7\u00e3o e Comunica\u00e7\u00e3o (POSIC). Essa, estabelece as orienta\u00e7\u00f5es e diretrizes corporativas gerais de seguran\u00e7a e controle dos ativos de informa\u00e7\u00e3o da UFPR ou sob sua guarda, objetivando sua prote\u00e7\u00e3o e a preven\u00e7\u00e3o de responsabilidade legal para todos os usu\u00e1rios. A partir de suas defini\u00e7\u00f5es [&hellip;]<\/p>\n","protected":false},"author":53,"featured_media":0,"parent":0,"menu_order":0,"comment_status":"closed","ping_status":"closed","template":"","meta":{"footnotes":""},"class_list":["post-613","page","type-page","status-publish","hentry"],"_links":{"self":[{"href":"https:\/\/homologa.ufpr.br\/agtic\/wp-json\/wp\/v2\/pages\/613","targetHints":{"allow":["GET"]}}],"collection":[{"href":"https:\/\/homologa.ufpr.br\/agtic\/wp-json\/wp\/v2\/pages"}],"about":[{"href":"https:\/\/homologa.ufpr.br\/agtic\/wp-json\/wp\/v2\/types\/page"}],"author":[{"embeddable":true,"href":"https:\/\/homologa.ufpr.br\/agtic\/wp-json\/wp\/v2\/users\/53"}],"replies":[{"embeddable":true,"href":"https:\/\/homologa.ufpr.br\/agtic\/wp-json\/wp\/v2\/comments?post=613"}],"version-history":[{"count":1,"href":"https:\/\/homologa.ufpr.br\/agtic\/wp-json\/wp\/v2\/pages\/613\/revisions"}],"predecessor-version":[{"id":615,"href":"https:\/\/homologa.ufpr.br\/agtic\/wp-json\/wp\/v2\/pages\/613\/revisions\/615"}],"wp:attachment":[{"href":"https:\/\/homologa.ufpr.br\/agtic\/wp-json\/wp\/v2\/media?parent=613"}],"curies":[{"name":"wp","href":"https:\/\/api.w.org\/{rel}","templated":true}]}}