{"id":218,"date":"2024-08-08T15:20:54","date_gmt":"2024-08-08T18:20:54","guid":{"rendered":"https:\/\/homologa.ufpr.br\/agtic\/\/?page=218"},"modified":"2025-02-19T11:39:35","modified_gmt":"2025-02-19T14:39:35","slug":"normativas-de-tic","status":"publish","type":"page","link":"https:\/\/homologa.ufpr.br\/agtic\/normativas-de-tic\/","title":{"rendered":"Normativas de TIC"},"content":{"rendered":"\n<p><a href=\"https:\/\/homologa.ufpr.br\/agtic\/pdtic\/\" target=\"_blank\" rel=\"noreferrer noopener\">O Plano Diretor de Tecnologia da Informa\u00e7\u00e3o e Comunica\u00e7\u00e3o (PDTIC)<\/a> \u00e9 o referencial de governan\u00e7a e gest\u00e3o para a \u00e1rea de TIC da UFPR, abrangendo todas as unidades administrativas e acad\u00eamicas da universidade.<\/p>\n\n\n\n<hr class=\"wp-block-separator has-alpha-channel-opacity is-style-wide\" \/>\n\n\n\n<p><a href=\"https:\/\/homologa.ufpr.br\/agtic\/wp-content\/uploads\/sites\/5\/2024\/11\/Resolucao-45-19-%E2%80%93-COPLAD-Regimento-AGTIC-CONSOLIDADO.pdf\" target=\"_blank\" rel=\"noopener\" title=\"\">Regimento AGTIC (consolidado)<\/a><\/p>\n\n\n\n<p>Em junho\/2019 foi publicada a\u00a0<a title=\"\" href=\"https:\/\/homologa.ufpr.br\/agtic\/wp-content\/uploads\/sites\/5\/2024\/08\/resolucao-45-19-agtic-1.pdf\" target=\"_blank\" rel=\"noopener\">Resolu\u00e7\u00e3o 45\/19 &#8211; COPLAD<\/a> &#8211;\u00a0que aprovou o regimento da AGTIC e em junho\/2021 foi publicada a <a title=\"\" href=\"https:\/\/homologa.ufpr.br\/agtic\/wp-content\/uploads\/sites\/5\/2024\/08\/RESOLUCAO-No-21-21-COPLAD.pdf\" target=\"_blank\" rel=\"noopener\">Resolu\u00e7\u00e3o 21\/21 &#8211; COPLAD<\/a> &#8211; que altera o regimento para instituir a Coordenadoria de Software e Gest\u00e3o e Dados (CSGD)<\/p>\n\n\n\n<hr class=\"wp-block-separator has-alpha-channel-opacity is-style-wide\" \/>\n\n\n\n<p><a href=\"https:\/\/homologa.ufpr.br\/agtic\/wp-content\/uploads\/sites\/5\/2024\/11\/Portaria-161_R-2023-Comites.pdf\" target=\"_blank\" rel=\"noopener\" title=\"\">Portaria UFPR n\u00ba 161, de 15 de fevereiro de 2023<\/a> &#8211; Institui os Comit\u00eas e Subcomit\u00eas de TIC<\/p>\n\n\n\n<p><a title=\"\" href=\"https:\/\/homologa.ufpr.br\/agtic\/wp-content\/uploads\/sites\/5\/2024\/08\/Portaria-102_24-Comites.pdf\" target=\"_blank\" rel=\"noopener\">Portaria UFPR n\u00ba 102, de 24 de janeiro de 2024<\/a> &#8211; Comit\u00eas e Subcomit\u00eas de TIC (atualiza\u00e7\u00e3o)<\/p>\n\n\n\n<hr class=\"wp-block-separator has-alpha-channel-opacity is-style-wide\" \/>\n\n\n\n<p>&nbsp;<a href=\"https:\/\/homologa.ufpr.br\/agtic\/wp-content\/uploads\/sites\/5\/2024\/08\/IN-01_2024-Politica-de-Classificacao-da-Informacao.pdf\" target=\"_blank\" rel=\"noreferrer noopener\">Instru\u00e7\u00e3o Normativa n\u00ba 01\/2024 \u2013 CIGD<\/a> &#8211; Pol\u00edtica de Classifica\u00e7\u00e3o da Informa\u00e7\u00e3o &#8211; estabelece diretrizes e normas para a classifica\u00e7\u00e3o, controle, acesso e divulga\u00e7\u00e3o de informa\u00e7\u00f5es.<\/p>\n\n\n\n<p><a href=\"https:\/\/homologa.ufpr.br\/agtic\/wp-content\/uploads\/sites\/5\/2024\/08\/resolucao-no-38-22-coplad.pdf\" target=\"_blank\" rel=\"noopener\" title=\"\">Resolu\u00e7\u00e3o 38\/22-COPLAD<\/a>, que estabelece a Pol\u00edtica de Seguran\u00e7a da Informa\u00e7\u00e3o e Comunica\u00e7\u00e3o da UFPR<\/p>\n\n\n\n<p><a title=\"\" href=\"https:\/\/homologa.ufpr.br\/agtic\/wp-content\/uploads\/sites\/5\/2024\/08\/INSTRUCAO-NORMATIVA-PRASUCOM-N\u00b0-012023-SITES-UFPR.pdf\" target=\"_blank\" rel=\"noopener\">Instru\u00e7\u00e3o Normativa PRA\/SUCOM n\u00ba 012023 &#8211; Sites UFPR<\/a> &#8211; que disp\u00f5e sobre o processo de cria\u00e7\u00e3o de subdom\u00ednios, da oferta e da hospedagem de sistemas e s\u00edtios institucionais no \u00e2mbito da UFPR.<\/p>\n\n\n\n<p>Em 2023, foram aprovadas 4 novas pol\u00edticas de TIC pelo Comit\u00ea Institucional de Governan\u00e7a Digital \u2013 CIGD: <\/p>\n\n\n\n<p><a href=\"https:\/\/homologa.ufpr.br\/agtic\/wp-content\/uploads\/sites\/5\/2024\/09\/IN-01_23.pdf\" target=\"_blank\" rel=\"noreferrer noopener\">Instru\u00e7\u00e3o Normativa 01\/23<\/a><strong>\u00a0\u2013\u00a0<\/strong>Institui as Pol\u00edticas de Privacidade, Controle de Acesso e Uso de Recursos de TIC da Universidade Federal do Paran\u00e1;<br><a href=\"https:\/\/homologa.ufpr.br\/agtic\/wp-content\/uploads\/sites\/5\/2024\/09\/IN-02_23.pdf\" target=\"_blank\" rel=\"noreferrer noopener\">Instru\u00e7\u00e3o Normativa 02\/23<\/a>\u00a0\u2013 Institui o Plano de Resposta a Incidentes da Universidade Federal do Paran\u00e1;<br>I<a href=\"https:\/\/homologa.ufpr.br\/agtic\/wp-content\/uploads\/sites\/5\/2024\/09\/IN-03_23.pdf\" target=\"_blank\" rel=\"noreferrer noopener\">nstru\u00e7\u00e3o Normativa 03\/23<\/a>\u00a0\u2013 Do compartilhamento de dados pessoais para fins de atividades de pesquisa e extens\u00e3o;<br><a href=\"https:\/\/homologa.ufpr.br\/agtic\/wp-content\/uploads\/sites\/5\/2024\/09\/IN-04_23.pdf\" target=\"_blank\" rel=\"noreferrer noopener\">Instru\u00e7\u00e3o Normativa 04\/23<\/a>\u00a0\u2013 Define as condi\u00e7\u00f5es de tratamento de dados pessoais para elei\u00e7\u00f5es e consultas \u00e0 comunidade na UFPR.<\/p>\n","protected":false},"excerpt":{"rendered":"<p>O Plano Diretor de Tecnologia da Informa\u00e7\u00e3o e Comunica\u00e7\u00e3o (PDTIC) \u00e9 o referencial de governan\u00e7a e gest\u00e3o para a \u00e1rea de TIC da UFPR, abrangendo todas as unidades administrativas e acad\u00eamicas da universidade. Regimento AGTIC (consolidado) Em junho\/2019 foi publicada a\u00a0Resolu\u00e7\u00e3o 45\/19 &#8211; COPLAD &#8211;\u00a0que aprovou o regimento da AGTIC e em junho\/2021 foi publicada [&hellip;]<\/p>\n","protected":false},"author":53,"featured_media":0,"parent":0,"menu_order":0,"comment_status":"closed","ping_status":"closed","template":"","meta":{"footnotes":""},"class_list":["post-218","page","type-page","status-publish","hentry"],"_links":{"self":[{"href":"https:\/\/homologa.ufpr.br\/agtic\/wp-json\/wp\/v2\/pages\/218","targetHints":{"allow":["GET"]}}],"collection":[{"href":"https:\/\/homologa.ufpr.br\/agtic\/wp-json\/wp\/v2\/pages"}],"about":[{"href":"https:\/\/homologa.ufpr.br\/agtic\/wp-json\/wp\/v2\/types\/page"}],"author":[{"embeddable":true,"href":"https:\/\/homologa.ufpr.br\/agtic\/wp-json\/wp\/v2\/users\/53"}],"replies":[{"embeddable":true,"href":"https:\/\/homologa.ufpr.br\/agtic\/wp-json\/wp\/v2\/comments?post=218"}],"version-history":[{"count":31,"href":"https:\/\/homologa.ufpr.br\/agtic\/wp-json\/wp\/v2\/pages\/218\/revisions"}],"predecessor-version":[{"id":984,"href":"https:\/\/homologa.ufpr.br\/agtic\/wp-json\/wp\/v2\/pages\/218\/revisions\/984"}],"wp:attachment":[{"href":"https:\/\/homologa.ufpr.br\/agtic\/wp-json\/wp\/v2\/media?parent=218"}],"curies":[{"name":"wp","href":"https:\/\/api.w.org\/{rel}","templated":true}]}}