{"id":17,"date":"2024-07-26T07:43:05","date_gmt":"2024-07-26T10:43:05","guid":{"rendered":"https:\/\/homologa.ufpr.br\/agtic\/\/?page=17"},"modified":"2024-10-23T16:52:03","modified_gmt":"2024-10-23T19:52:03","slug":"apresentacao","status":"publish","type":"page","link":"https:\/\/homologa.ufpr.br\/agtic\/apresentacao\/","title":{"rendered":"Apresenta\u00e7\u00e3o"},"content":{"rendered":"\n<p>Aprovada em 28 de junho de 2019 pela <a href=\"https:\/\/www.agtic.ufpr.br\/portal\/wp-content\/uploads\/2024\/09\/resolucao-45-19-coplad-regimento-agtic-revisado.pdf\" target=\"_blank\" rel=\"noopener\" title=\"\">Resolu\u00e7\u00e3o 45.19<\/a>, a Ag\u00eancia de Tecnologia da Informa\u00e7\u00e3o e Comunica\u00e7\u00e3o \u2013 AGTIC \u2013 tem por finalidade a dire\u00e7\u00e3o, planejamento, desenvolvimento, execu\u00e7\u00e3o, suporte e monitoramento das atividades relacionadas \u00e0 TIC da UFPR.<\/p>\n\n\n\n<p>Em 30\/06\/2021 foi publicada a <a href=\"https:\/\/www.agtic.ufpr.br\/portal\/wp-content\/uploads\/2021\/07\/resolucao-no-21-21-coplad.pdf\" target=\"_blank\" rel=\"noopener\" title=\"\">Resolu\u00e7\u00e3o 21\/21<\/a>, que institui a CSGD \u2013 Coordenadoria de Software e Gest\u00e3o de Dados da AGTIC.<\/p>\n\n\n\n<p><strong>Diretor Executivo<\/strong>: Felipe Sanches Bueno (<a href=\"mailto:agtic@ufpr.br\" target=\"_blank\" rel=\"noopener\" title=\"\">agtic@ufpr.br<\/a>)<\/p>\n\n\n\n<p><strong>Substituto Eventual<\/strong>: Marcelo Massarelli Maitan (<a href=\"mailto:agtic@ufpr.br\" target=\"_blank\" rel=\"noopener\" title=\"\">agtic@ufpr.br<\/a>)<\/p>\n\n\n\n<p><strong>Gestor de Seguran\u00e7a da Informa\u00e7\u00e3o<\/strong>: Valmir Antunes Pereira (<a href=\"mailto:seguranca.info@ufpr.br\" target=\"_blank\" rel=\"noopener\" title=\"\">seguranca.info@ufpr.br<\/a>)<\/p>\n","protected":false},"excerpt":{"rendered":"<p>Aprovada em 28 de junho de 2019 pela Resolu\u00e7\u00e3o 45.19, a Ag\u00eancia de Tecnologia da Informa\u00e7\u00e3o e Comunica\u00e7\u00e3o \u2013 AGTIC \u2013 tem por finalidade a dire\u00e7\u00e3o, planejamento, desenvolvimento, execu\u00e7\u00e3o, suporte e monitoramento das atividades relacionadas \u00e0 TIC da UFPR. Em 30\/06\/2021 foi publicada a Resolu\u00e7\u00e3o 21\/21, que institui a CSGD \u2013 Coordenadoria de Software e [&hellip;]<\/p>\n","protected":false},"author":8,"featured_media":0,"parent":0,"menu_order":0,"comment_status":"closed","ping_status":"closed","template":"page.php","meta":{"footnotes":""},"class_list":["post-17","page","type-page","status-publish","hentry"],"_links":{"self":[{"href":"https:\/\/homologa.ufpr.br\/agtic\/wp-json\/wp\/v2\/pages\/17","targetHints":{"allow":["GET"]}}],"collection":[{"href":"https:\/\/homologa.ufpr.br\/agtic\/wp-json\/wp\/v2\/pages"}],"about":[{"href":"https:\/\/homologa.ufpr.br\/agtic\/wp-json\/wp\/v2\/types\/page"}],"author":[{"embeddable":true,"href":"https:\/\/homologa.ufpr.br\/agtic\/wp-json\/wp\/v2\/users\/8"}],"replies":[{"embeddable":true,"href":"https:\/\/homologa.ufpr.br\/agtic\/wp-json\/wp\/v2\/comments?post=17"}],"version-history":[{"count":7,"href":"https:\/\/homologa.ufpr.br\/agtic\/wp-json\/wp\/v2\/pages\/17\/revisions"}],"predecessor-version":[{"id":806,"href":"https:\/\/homologa.ufpr.br\/agtic\/wp-json\/wp\/v2\/pages\/17\/revisions\/806"}],"wp:attachment":[{"href":"https:\/\/homologa.ufpr.br\/agtic\/wp-json\/wp\/v2\/media?parent=17"}],"curies":[{"name":"wp","href":"https:\/\/api.w.org\/{rel}","templated":true}]}}