{"id":161,"date":"2024-08-06T16:10:12","date_gmt":"2024-08-06T19:10:12","guid":{"rendered":"https:\/\/homologa.ufpr.br\/agtic\/\/?page=161"},"modified":"2025-02-19T16:57:35","modified_gmt":"2025-02-19T19:57:35","slug":"equipe-e-contatos","status":"publish","type":"page","link":"https:\/\/homologa.ufpr.br\/agtic\/equipe-e-contatos\/","title":{"rendered":"Equipe e Contatos"},"content":{"rendered":"\n<div class=\"wp-block-columns are-vertically-aligned-center has-background is-layout-flex wp-container-core-columns-is-layout-1 wp-block-columns-is-layout-flex\" style=\"background-color:#ecf5fa\">\n<div class=\"wp-block-column is-vertically-aligned-center is-layout-flow wp-block-column-is-layout-flow\" style=\"flex-basis:500px\">\n<p><strong><span style=\"text-decoration: underline\">DIRETORIA EXECUTIVA<\/span><\/strong><br><strong>Diretor: <\/strong>Felipe Sanches Bueno<br><strong>Substituto eventual<\/strong>: Marcelo Massarelli Maitan<br><br><strong><span style=\"text-decoration: underline\">Equipe  de Comunica\u00e7\u00e3o:<\/span><\/strong><br>Denise Cristiane dos Santos<\/p>\n<\/div>\n\n\n\n<div class=\"wp-block-column is-vertically-aligned-center is-layout-flow wp-block-column-is-layout-flow\">\n<p class=\"has-text-align-center\"><a href=\"mailto:agtic@ufpr.br\">agtic@ufpr.br<\/a><br><a href=\"mailto:comunicacao.agtic@ufpr.br\">comunicacao.agtic@ufpr.br<\/a><\/p>\n<\/div>\n<\/div>\n\n\n\n<div class=\"wp-block-columns are-vertically-aligned-center has-background is-layout-flex wp-container-core-columns-is-layout-2 wp-block-columns-is-layout-flex\" style=\"background-color:#d7fbed\">\n<div class=\"wp-block-column is-vertically-aligned-center is-layout-flow wp-block-column-is-layout-flow\" style=\"flex-basis:500px\">\n<p><strong><span style=\"text-decoration: underline\">Gestor de Seguran\u00e7a da Informa\u00e7\u00e3o<\/span><\/strong><br>Valmir Antunes Pereira<\/p>\n<\/div>\n\n\n\n<div class=\"wp-block-column is-vertically-aligned-center is-layout-flow wp-block-column-is-layout-flow\">\n<p class=\"has-text-align-center\"><a href=\"mailto:seguranca.info@ufpr.br\" target=\"_blank\" rel=\"noopener\" title=\"\">seguranca.info@ufpr.br<\/a><\/p>\n<\/div>\n<\/div>\n\n\n\n<div class=\"wp-block-columns are-vertically-aligned-center has-background is-layout-flex wp-container-core-columns-is-layout-3 wp-block-columns-is-layout-flex\" style=\"background-color:#ecf5fa\">\n<div class=\"wp-block-column is-vertically-aligned-center is-layout-flow wp-block-column-is-layout-flow\" style=\"flex-basis:500px\">\n<p><strong><span style=\"text-decoration: underline\">Coordenadoria de Governan\u00e7a de TIC e Projetos<\/span><\/strong><br><strong>Coordenadora<\/strong>: Jessica Maria Cirino Camargo<\/p>\n\n\n\n<p>Carlos Eduardo Liesemberg Dias Ferreira<br>Charles Masaharu Sakai<br>Diogo Luiz Ceccon<br>Ewerton Julian Rubio<br>Jefferson Daminelli Garcia<br>Jo\u00e3o Alexandre Silva Leite<br>Silvio Makoto Takata<br>Vandro Elaino Feretti<\/p>\n<\/div>\n\n\n\n<div class=\"wp-block-column is-vertically-aligned-center is-layout-flow wp-block-column-is-layout-flow\">\n<p class=\"has-text-align-center\"><a href=\"mailto:govtic.agtic@ufpr.br\" target=\"_blank\" rel=\"noopener\" title=\"\">govtic.agtic@ufpr.br<\/a><br><a href=\"mailto:contic@ufpr.br\" target=\"_blank\" rel=\"noopener\" title=\"\">contic@ufpr.br<\/a><\/p>\n<\/div>\n<\/div>\n\n\n\n<div class=\"wp-block-columns are-vertically-aligned-center has-background is-layout-flex wp-container-core-columns-is-layout-4 wp-block-columns-is-layout-flex\" style=\"background-color:#d7fbed\">\n<div class=\"wp-block-column is-vertically-aligned-center is-layout-flow wp-block-column-is-layout-flow\" style=\"flex-basis:500px\">\n<p><strong><span style=\"text-decoration: underline\">SAD &#8211; Se\u00e7\u00e3o de Apoio Administrativo e Or\u00e7ament\u00e1rio<\/span><\/strong><br><strong>Chefe &amp; Or\u00e7ament\u00e1rio<\/strong><br>Maria Helena Cominese Dias<br><br>Antonio Marcos Severino<br>Bruna Claudia Dolberth Silva (terceirizado)<br>Patricia Carollina Santos de Oliveira (terceirizado)<\/p>\n<\/div>\n\n\n\n<div class=\"wp-block-column is-vertically-aligned-center is-layout-flow wp-block-column-is-layout-flow\">\n<p class=\"has-text-align-center\"><a href=\"mailto:sad.agtic@ufpr.br\" target=\"_blank\" rel=\"noopener\" title=\"\">sad.agtic@ufpr.br<\/a><\/p>\n<\/div>\n<\/div>\n\n\n\n<div class=\"wp-block-columns are-vertically-aligned-center has-background is-layout-flex wp-container-core-columns-is-layout-5 wp-block-columns-is-layout-flex\" style=\"background-color:#ecf5fa\">\n<div class=\"wp-block-column is-vertically-aligned-center is-layout-flow wp-block-column-is-layout-flow\" style=\"flex-basis:500px\">\n<p><strong>CSA &#8211; Se\u00e7\u00e3o de Central de Servi\u00e7os e Atendimentos de TIC<br>Chefe<\/strong>: Wellington Silva Nascimento<br><strong>Substituto eventual<\/strong>: Wendly Vieira Custer<br><br>Arnaldo Cirilo da Silva<br>Giulian Augusto Stupp Oedmann<br>Jo\u00e3o Vitor Ara\u00fajo dos Santos (estagi\u00e1rio)<br>Pricila Krepeki<br>Wendly Vieira Custer<\/p>\n<\/div>\n\n\n\n<div class=\"wp-block-column is-vertically-aligned-center is-layout-flow wp-block-column-is-layout-flow\">\n<p class=\"has-text-align-center\"><a href=\"mailto:suporte@ufpr.br\" target=\"_blank\" rel=\"noopener\" title=\"\">suporte@ufpr.br<\/a><\/p>\n<\/div>\n<\/div>\n\n\n\n<div class=\"wp-block-columns are-vertically-aligned-center has-background is-layout-flex wp-container-core-columns-is-layout-6 wp-block-columns-is-layout-flex\" style=\"background-color:#d7fbed\">\n<div class=\"wp-block-column is-vertically-aligned-center is-layout-flow wp-block-column-is-layout-flow\" style=\"flex-basis:500px\">\n<p><strong><span style=\"text-decoration: underline\">CSGD &#8211; Coordenadoria de Software e Gest\u00e3o de Dados<\/span><\/strong><br><strong>Coordenador<\/strong>: Marcelo Massarelli Maitan<br><strong>Substituto eventual<\/strong>: Rafael de Mello Lechakoski<\/p>\n\n\n\n<p>Alex Sebasti\u00e3o Const\u00e2ncio<br>Cicero Vicente de Melo Junior<br>Cleiton Almeida dos Santos<br>Christopher Stoppa da Silva<br>Diego Aaron Poplade<br>Djavan Fernando dos Santos<br>Elaine Schraiber Trevisan<br>Elias Sebasti\u00e3o Torres da Silva<br>Gilcelly Fernanda Bahl<br>Gionatta Marcon Mocellin<br>Guilherme Samuel Ramalho<br>Isaide Lopes de Oliveira<br>Jaison Pisa Rezine<br>James Coltro<br>Jaqueline Rissa Franco<br>Jos\u00e9 Pedro de Santana Neto<br>Leandro Homma Nagano<br>Leandro Rodrigues Ferreira<br>Maria Rosane Chernij<br>Mauro Hiroto Suzuki<br>Patr\u00edcia Custodio Cooper<br>Rafael de Mello Lechakoski<br>Raffaele Pugliese Di Schiavi<br>Rodrigo Perez Furtado<br>Sandra Mara Schroeder Lopes<br>Valmir Fran\u00e7a<\/p>\n\n\n\n<p>(Bolsistas)<br>Daniel Henrique Borges<br>Gabriela da Silva Costa Marques Severiano<br>Rafael Augusto Boschi de Campos<br>Vinicius Matheus Comarella Ferreira<br><br>(Terceirizados)<br>David Reksidler Junior<br>Eduardo Leite Ribeiro<br>Larissa Victoria da Silva Neves<br>Leonardo Barbosa Marques<br>Lucas Schip do Nascimento<br>Maher Ben David Ramos Daoud<br>Marcos Augusto de Castro Gomes<br>Marcos Tadeu Bidas da Silva<br>Nicolas Pedrosa Macedo<br>Pedro Augusto Pereira Henrique dos Santos<br>Vitor Hugo Santos Alencar<br>Wilian Cardoso<\/p>\n<\/div>\n\n\n\n<div class=\"wp-block-column is-vertically-aligned-center is-layout-flow wp-block-column-is-layout-flow\">\n<p class=\"has-text-align-center\"><a href=\"mailto:csgd.agtic@ufpr.br\" target=\"_blank\" rel=\"noopener\" title=\"\">csgd.agtic@ufpr.br<\/a><\/p>\n<\/div>\n<\/div>\n\n\n\n<div class=\"wp-block-columns are-vertically-aligned-center has-background is-layout-flex wp-container-core-columns-is-layout-7 wp-block-columns-is-layout-flex\" style=\"background-color:#ecf5fa\">\n<div class=\"wp-block-column is-vertically-aligned-center is-layout-flow wp-block-column-is-layout-flow\" style=\"flex-basis:500px\">\n<p><strong><span style=\"text-decoration: underline\">CSI &#8211; Coordenadoria de Servi\u00e7os e Infraestrutura de TIC<\/span><\/strong><br><strong>Coordenador<\/strong>: Gustavo de Brito dos Santos<br><strong>Substituto eventual<\/strong>: S\u00e9rgio da Silva Cristino<\/p>\n\n\n\n<p>Carlos Alberto Cavichiolo Franco (alocado na Reitoria)<br>Cesar Borroch<br>Diego Teixeira da Cruz<br>Emanuel Nunes Reis<br>Gabriel Brito dos Santos<br>Giovanni Allam Taborda<br>Giovanni de Oliveira Bandeira<br>Gisele Batista Correia (alocada em Toledo)<br>Let\u00edcia Silva Pereira (alocada em Palotina)<br>Manoel Portilho Junior<br>Marcio Cesar dos Santos<br>Nelson Melo Sicuro<br>Paulo Pereira Feitosa (alocado na Reitoria)<br>Renato Eurich Vieira<\/p>\n<\/div>\n\n\n\n<div class=\"wp-block-column is-vertically-aligned-center is-layout-flow wp-block-column-is-layout-flow\">\n<p class=\"has-text-align-center\"><a href=\"mailto:csi.agtic@ufpr.br\" target=\"_blank\" rel=\"noopener\" title=\"\">csi.agtic@ufpr.br<\/a><\/p>\n<\/div>\n<\/div>\n\n\n\n<div class=\"wp-block-columns are-vertically-aligned-center has-background is-layout-flex wp-container-core-columns-is-layout-8 wp-block-columns-is-layout-flex\" style=\"background-color:#d7fbed\">\n<div class=\"wp-block-column is-vertically-aligned-center is-layout-flow wp-block-column-is-layout-flow\" style=\"flex-basis:500px\">\n<p><strong><span style=\"text-decoration: underline\">CSI\/SSI &#8211; Se\u00e7\u00e3o de Servi\u00e7os e Infraestrutura de TIC<\/span><\/strong><br><strong>Chefe<\/strong>: S\u00e9rgio da Silva Cristino<\/p>\n\n\n\n<p>Alessandre Sena de Oliveira<br>Andr\u00e9 Costa Castilhano<br>Edilson Luiz Val\u00e9rio<br>Elton Takeshi Sato<br>Matheus Oliveira de Oliveira<br>Maur\u00edcio Garcia Tosi<br>Rafael Eduardo Oedmann<br>S\u00e9rgio Fernando Borba<br>Thyago Matheus Gon\u00e7alves<\/p>\n<\/div>\n\n\n\n<div class=\"wp-block-column is-vertically-aligned-center is-layout-flow wp-block-column-is-layout-flow\">\n<p class=\"has-text-align-center\"><a href=\"mailto:ssi.agtic@ufpr.br\" target=\"_blank\" rel=\"noopener\" title=\"\">ssi.agtic@ufpr.br<\/a><\/p>\n<\/div>\n<\/div>\n\n\n\n<div class=\"wp-block-columns are-vertically-aligned-center has-background is-layout-flex wp-container-core-columns-is-layout-9 wp-block-columns-is-layout-flex\" style=\"background-color:#ecf5fa\">\n<div class=\"wp-block-column is-vertically-aligned-center is-layout-flow wp-block-column-is-layout-flow\" style=\"flex-basis:500px\">\n<p><strong><span style=\"text-decoration: underline\">CSI\/SATIC &#8211; Se\u00e7\u00e3o de Ativos de TIC<\/span><\/strong><br><strong>Chefe<\/strong>: Gladston Luiz Hiroshi<\/p>\n\n\n\n<p>Cezar Augusto Machado<br>Jorge Jodi Yamada<br>Marcio Maria Sabino<br>Thiago Verastegui Santos<br>Vitor Alexandre de Almeida<\/p>\n<\/div>\n\n\n\n<div class=\"wp-block-column is-vertically-aligned-center is-layout-flow wp-block-column-is-layout-flow\">\n<p class=\"has-text-align-center\"><a href=\"mailto:satic.agtic@ufpr.br\" target=\"_blank\" rel=\"noopener\" title=\"\">satic.agtic@ufpr.br<\/a><\/p>\n<\/div>\n<\/div>\n","protected":false},"excerpt":{"rendered":"<p>DIRETORIA EXECUTIVADiretor: Felipe Sanches BuenoSubstituto eventual: Marcelo Massarelli Maitan Equipe de Comunica\u00e7\u00e3o:Denise Cristiane dos Santos agtic@ufpr.brcomunicacao.agtic@ufpr.br Gestor de Seguran\u00e7a da Informa\u00e7\u00e3oValmir Antunes Pereira seguranca.info@ufpr.br Coordenadoria de Governan\u00e7a de TIC e ProjetosCoordenadora: Jessica Maria Cirino Camargo Carlos Eduardo Liesemberg Dias FerreiraCharles Masaharu SakaiDiogo Luiz CecconEwerton Julian RubioJefferson Daminelli GarciaJo\u00e3o Alexandre Silva LeiteSilvio Makoto TakataVandro Elaino Feretti [&hellip;]<\/p>\n","protected":false},"author":53,"featured_media":0,"parent":0,"menu_order":0,"comment_status":"closed","ping_status":"closed","template":"","meta":{"footnotes":""},"class_list":["post-161","page","type-page","status-publish","hentry"],"_links":{"self":[{"href":"https:\/\/homologa.ufpr.br\/agtic\/wp-json\/wp\/v2\/pages\/161","targetHints":{"allow":["GET"]}}],"collection":[{"href":"https:\/\/homologa.ufpr.br\/agtic\/wp-json\/wp\/v2\/pages"}],"about":[{"href":"https:\/\/homologa.ufpr.br\/agtic\/wp-json\/wp\/v2\/types\/page"}],"author":[{"embeddable":true,"href":"https:\/\/homologa.ufpr.br\/agtic\/wp-json\/wp\/v2\/users\/53"}],"replies":[{"embeddable":true,"href":"https:\/\/homologa.ufpr.br\/agtic\/wp-json\/wp\/v2\/comments?post=161"}],"version-history":[{"count":35,"href":"https:\/\/homologa.ufpr.br\/agtic\/wp-json\/wp\/v2\/pages\/161\/revisions"}],"predecessor-version":[{"id":1002,"href":"https:\/\/homologa.ufpr.br\/agtic\/wp-json\/wp\/v2\/pages\/161\/revisions\/1002"}],"wp:attachment":[{"href":"https:\/\/homologa.ufpr.br\/agtic\/wp-json\/wp\/v2\/media?parent=161"}],"curies":[{"name":"wp","href":"https:\/\/api.w.org\/{rel}","templated":true}]}}